{"id":19061,"date":"2022-07-07T04:40:47","date_gmt":"2022-07-07T04:40:47","guid":{"rendered":"https:\/\/kiusamisvaba.ee\/sa-kiusamisvaba-kool\/meie-lugu\/"},"modified":"2024-01-15T11:46:49","modified_gmt":"2024-01-15T11:46:49","slug":"kiusamisvaba-kool","status":"publish","type":"page","link":"https:\/\/kiusamisvaba.ee\/ru\/kiusamisvaba-kool\/","title":{"rendered":"\u0424\u043e\u043d\u0434 \u0428\u043a\u043e\u043b\u0430 \u0431\u0435\u0437 \u0442\u0440\u0430\u0432\u043b\u0438"},"content":{"rendered":"\n<h2 class=\"wp-block-heading\">\u0420\u0430\u0434\u0438 \u0442\u043e\u0433\u043e, \u0447\u0442\u043e\u0431\u044b \u043d\u0430\u0448\u0438 \u0434\u0435\u0442\u0438 \u0440\u043e\u0441\u043b\u0438 \u0441\u0447\u0430\u0441\u0442\u043b\u0438\u0432\u044b\u043c\u0438 \u043b\u044e\u0434\u044c\u043c\u0438!<\/h2>\n\n\n\n<h4 class=\"wp-block-heading\">\u041d\u0430\u0448\u0430 \u043c\u0438\u0441\u0441\u0438\u044f \u2013 \u043f\u0440\u0435\u0434\u043e\u0442\u0432\u0440\u0430\u0449\u0430\u044f \u0438 \u043e\u0441\u0442\u0430\u043d\u0430\u0432\u043b\u0438\u0432\u0430\u044f \u0442\u0440\u0430\u0432\u043b\u044e \u0441\u043e\u0437\u0434\u0430\u0432\u0430\u0442\u044c \u0441\u043e\u0432\u043c\u0435\u0441\u0442\u043d\u043e \u0431\u0435\u0437\u043e\u043f\u0430\u0441\u043d\u044b\u0439 \u0438 \u0437\u0430\u0431\u043e\u0442\u043b\u0438\u0432\u044b\u0439 \u043e\u0431\u0440\u0430\u0437\u043e\u0432\u0430\u0442\u0435\u043b\u044c\u043d\u044b\u0439 \u043f\u0443\u0442\u044c \u0434\u043b\u044f \u0434\u0435\u0442\u0435\u0439 \u042d\u0441\u0442\u043e\u043d\u0438\u0438, \u0447\u0442\u043e\u0431\u044b \u043e\u043d\u0438 \u043c\u043e\u0433\u043b\u0438 \u0432\u044b\u0440\u0430\u0441\u0442\u0438 \u0441\u0447\u0430\u0441\u0442\u043b\u0438\u0432\u044b\u043c\u0438 \u043b\u044e\u0434\u044c\u043c\u0438.<\/h4>\n\n\n\n<p>\u0414\u043b\u044f \u044d\u0442\u043e\u0433\u043e:<\/p>\n\n\n\n<ul class=\"wp-block-list\">\n<li>\u043c\u044b \u0440\u0430\u0441\u043f\u0440\u043e\u0441\u0442\u0440\u0430\u043d\u044f\u0435\u043c \u0432 \u042d\u0441\u0442\u043e\u043d\u0438\u0438 \u043d\u0430\u0443\u0447\u043d\u0443\u044e \u0438 \u0434\u043e\u043a\u0430\u0437\u0430\u043d\u043d\u0443\u044e \u043f\u0440\u043e\u0433\u0440\u0430\u043c\u043c\u0443 \u0441\u043d\u0438\u0436\u0435\u043d\u0438\u044f \u0442\u0440\u0430\u0432\u043b\u0438 KiVa (\u043f\u043e\u0434\u0440\u043e\u0431\u043d\u0435\u0435 \u043e \u043f\u0440\u043e\u0433\u0440\u0430\u043c\u043c\u0435 \u0447\u0438\u0442\u0430\u0439\u0442\u0435&nbsp;<a href=\"http:\/\/localhost:8888\/kivawp\/ru\/kiva-programm\/\">\u0437\u0434\u0435\u0441\u044c<\/a>);<\/li>\n\n\n\n<li>\u043c\u044b \u043f\u043e\u043c\u043e\u0433\u0430\u0435\u043c \u0448\u043a\u043e\u043b\u0430\u043c \u0432\u043d\u0435\u0434\u0440\u044f\u0442\u044c \u043c\u0435\u0440\u044b \u043f\u043e \u0431\u043e\u0440\u044c\u0431\u0435 \u0441 \u0442\u0440\u0430\u0432\u043b\u0435\u0439 \u0438<\/li>\n\n\n\n<li>\u043c\u044b \u0441\u0442\u0440\u0435\u043c\u0438\u043c\u0441\u044f \u043f\u043e\u0432\u044b\u0448\u0430\u0442\u044c \u043e\u0441\u0432\u0435\u0434\u043e\u043c\u043b\u0435\u043d\u043d\u043e\u0441\u0442\u044c \u043e \u0442\u0440\u0430\u0432\u043b\u0435, \u0441\u043f\u043e\u0441\u043e\u0431\u0430\u0445 \u0435\u0435 \u0443\u043c\u0435\u043d\u044c\u0448\u0435\u043d\u0438\u044f \u0438 \u043a\u043e\u043d\u0442\u0440\u043e\u043b\u044f.<\/li>\n<\/ul>\n\n\n\n<div style=\"height:17px\" aria-hidden=\"true\" class=\"wp-block-spacer\"><\/div>\n\n\n\n<p>\u041d\u0430\u0448\u0430 \u0434\u0435\u044f\u0442\u0435\u043b\u044c\u043d\u043e\u0441\u0442\u044c \u043e\u0441\u043d\u043e\u0432\u0430\u043d\u0430 \u043d\u0430 \u043a\u043e\u043d\u0446\u0435\u043f\u0446\u0438\u0438, \u0441\u043e\u0433\u043b\u0430\u0441\u043d\u043e \u043a\u043e\u0442\u043e\u0440\u043e\u0439 \u043a 2035 \u0433\u043e\u0434\u0443 \u043e\u0431\u0449\u0435\u0441\u0442\u0432\u043e \u042d\u0441\u0442\u043e\u043d\u0438\u0438 \u0431\u0443\u0434\u0435\u0442 \u043b\u0443\u0447\u0448\u0435 \u043e\u0441\u0432\u0435\u0434\u043e\u043c\u043b\u0435\u043d\u043e \u043e \u0442\u043e\u043c, \u043a\u0430\u043a \u0441\u043e\u0437\u0434\u0430\u0432\u0430\u0442\u044c \u0438 \u043f\u043e\u0434\u0434\u0435\u0440\u0436\u0438\u0432\u0430\u0442\u044c \u0431\u0435\u0437\u043e\u043f\u0430\u0441\u043d\u044b\u0435 \u0438 \u0437\u0430\u0431\u043e\u0442\u043b\u0438\u0432\u044b\u0435 \u043e\u0442\u043d\u043e\u0448\u0435\u043d\u0438\u044f \u0432 \u0448\u043a\u043e\u043b\u0435, \u0433\u0434\u0435 \u043d\u0435\u0442 \u043c\u0435\u0441\u0442\u0430 \u0431\u0443\u043b\u043b\u0438\u043d\u0433\u0443. \u041a\u0440\u043e\u043c\u0435 \u0442\u043e\u0433\u043e, \u0432 \u043e\u0441\u043d\u043e\u0432\u0435 \u043d\u0430\u0448\u0435\u0439 \u0440\u0430\u0431\u043e\u0442\u044b \u043b\u0435\u0436\u0438\u0442&nbsp;<a href=\"https:\/\/www.dropbox.com\/s\/2zlyyhn2tjmh7wx\/_uus_pohikiri_alates%2002.06.2015.pdf?dl=0\" target=\"_blank\" rel=\"noreferrer noopener\">\u0423\u0441\u0442\u0430\u0432 \u0424\u043e\u043d\u0434\u0430<\/a>&nbsp;\u0438&nbsp;<a href=\"https:\/\/heakodanik.ee\/vabauhenduste-eetikakoodeks\/\" target=\"_blank\" rel=\"noreferrer noopener\">\u042d\u0442\u0438\u0447\u0435\u0441\u043a\u0438\u0439 \u043a\u043e\u0434\u0435\u043a\u0441 \u043d\u0435\u043f\u0440\u0430\u0432\u0438\u0442\u0435\u043b\u044c\u0441\u0442\u0432\u0435\u043d\u043d\u044b\u0445 \u043e\u0440\u0433\u0430\u043d\u0438\u0437\u0430\u0446\u0438\u0439<\/a>.<\/p>\n\n\n\n<p>\u0415\u0441\u043b\u0438 \u0432\u044b \u0445\u043e\u0442\u0438\u0442\u0435 \u043f\u043e\u0434\u0434\u0435\u0440\u0436\u0430\u0442\u044c \u043d\u0430\u0448\u0443 \u043c\u0438\u0441\u0441\u0438\u044e \u0438 \u0432\u043d\u0435\u0441\u0442\u0438 \u0441\u0432\u043e\u0439 \u0432\u043a\u043b\u0430\u0434 \u0432 \u0440\u0435\u0430\u043b\u0438\u0437\u0430\u0446\u0438\u044e \u043d\u0430\u0448\u0435\u0439 \u043a\u043e\u043d\u0446\u0435\u043f\u0446\u0438\u0438, \u0447\u0438\u0442\u0430\u0439\u0442\u0435\u00a0<a href=\"https:\/\/kiusamisvaba.ee\/ru\/aita-kaasa\/\">\u0437\u0434\u0435\u0441\u044c<\/a>\u00a0\u043e \u0432\u043e\u0437\u043c\u043e\u0436\u043d\u044b\u0445 \u0441\u043f\u043e\u0441\u043e\u0431\u0430\u0445 \u043e\u043a\u0430\u0437\u0430\u043d\u0438\u044f \u043f\u043e\u0434\u0434\u0435\u0440\u0436\u043a\u0438. \u041c\u044b \u0442\u0430\u043a\u0436\u0435 \u0441\u043b\u0435\u0434\u0443\u0435\u043c \u0434\u043e\u0431\u0440\u043e\u0439 \u043f\u0440\u0430\u043a\u0442\u0438\u043a\u0435 \u0441\u0431\u043e\u0440\u0430 \u043f\u043e\u0436\u0435\u0440\u0442\u0432\u043e\u0432\u0430\u043d\u0438\u0439 (\u0447\u0438\u0442\u0430\u0439\u0442\u0435\u00a0<a href=\"https:\/\/heakodanik.ee\/annetuste-kogumise-hea-tava\/\" target=\"_blank\" rel=\"noreferrer noopener\">\u0437\u0434\u0435\u0441\u044c<\/a>).<\/p>\n\n\n\n<p>\u0412\u044b \u043c\u043e\u0436\u0435\u0442\u0435 \u043d\u0430\u0439\u0442\u0438 \u0433\u043e\u0434\u043e\u0432\u044b\u0435 \u043e\u0442\u0447\u0435\u0442\u044b \u0444\u043e\u043d\u0434\u0430 \u043f\u043e \u0441\u043b\u0435\u0434\u0443\u044e\u0449\u0438\u043c \u0441\u0441\u044b\u043b\u043a\u0430\u043c:<\/p>\n\n\n\n<div class=\"button-pill-container\">\n    <a class=\"button button-pill\" href=\"https:\/\/www.dropbox.com\/scl\/fi\/33snsw86cm0fzrhol9tuq\/Sihtasutus_Kiusamisvaba_Kool-aruanne_2022.pdf?rlkey=jq43m991r6bl3ss7fyw2cmruz&#038;dl=0\" target=\"_blank\">\n    \u041e\u0422\u0427\u0415\u0422 2022    <\/a>\n    <a class=\"button button-pill\" href=\"https:\/\/kiusamisvaba.ee\/wp-content\/uploads\/2022\/09\/SA-Kiusamisvaba-Kool_2021_majandusaasta-aruanne.pdf\" target=\"_blank\">\n    \u041e\u0422\u0427\u0415\u0422 2021    <\/a>\n    <a class=\"button button-pill\" href=\"https:\/\/www.dropbox.com\/s\/pgsvkkbyg9dfyco\/aruanne_2020.pdf?dl=0\" target=\"_blank\">\n    \u041e\u0422\u0427\u0415\u0422 2020    <\/a>\n    <a class=\"button button-pill\" href=\"https:\/\/www.dropbox.com\/s\/zdmu9vv3g7ibceu\/aruanne_2019.pdf?dl=0\" target=\"_blank\">\n    \u041e\u0422\u0427\u0415\u0422 2019    <\/a>\n    <a class=\"button button-pill\" href=\"https:\/\/www.dropbox.com\/s\/i84vlb27ozwfqj5\/aruanne_2018.pdf?dl=0\" target=\"_blank\">\n    \u041e\u0422\u0427\u0415\u0422 2018    <\/a>\n    <a class=\"button button-pill\" href=\"https:\/\/www.dropbox.com\/s\/o7cgjph1rrlcf70\/aruanne_2017.pdf?dl=0\" target=\"_blank\">\n    \u041e\u0422\u0427\u0415\u0422 2017    <\/a>\n    <a class=\"button button-pill\" href=\"https:\/\/www.dropbox.com\/s\/e0c2uecnw17iysk\/aruanne_2016.pdf?dl=0\" target=\"_blank\">\n    \u041e\u0422\u0427\u0415\u0422 2016    <\/a>\n    <a class=\"button button-pill\" href=\"https:\/\/www.dropbox.com\/s\/u30pa1alsvqf3k5\/aruanne_2015.pdf?dl=0\" target=\"_blank\">\n    \u041e\u0422\u0427\u0415\u0422 2015    <\/a>\n    <a class=\"button button-pill\" href=\"https:\/\/www.dropbox.com\/s\/slgot9v7rn96w6p\/aruanne_2014.pdf?dl=0\" target=\"_blank\">\n    \u041e\u0422\u0427\u0415\u0422 2014    <\/a>\n<\/div>\n\n\n\n<p>\u0424\u043e\u043d\u0434 \u0428\u043a\u043e\u043b\u0430 \u0431\u0435\u0437 \u0442\u0440\u0430\u0432\u043b\u0438 \u0432\u0445\u043e\u0434\u0438\u0442 \u0432 \u043a\u043e\u0430\u043b\u0438\u0446\u0438\u044e \u0430\u043d\u0442\u0438\u0431\u0443\u043b\u043b\u0438\u043d\u0433\u043e\u0432\u043e\u0433\u043e \u043e\u0431\u0440\u0430\u0437\u043e\u0432\u0430\u043d\u0438\u044f, \u0432 \u043a\u043e\u0442\u043e\u0440\u0443\u044e \u0442\u0430\u043a\u0436\u0435 \u0432\u0445\u043e\u0434\u044f\u0442 \u0421\u043e\u044e\u0437 \u0443\u0447\u0435\u043d\u0438\u0447\u0435\u0441\u043a\u0438\u0445 \u043f\u0440\u0435\u0434\u0441\u0442\u0430\u0432\u0438\u0442\u0435\u043b\u044c\u0441\u0442\u0432 \u042d\u0441\u0442\u043e\u043d\u0438\u0438 \u0441 \u043f\u0440\u043e\u0435\u043a\u0442\u043e\u043c&nbsp;<a href=\"http:\/\/sallivkool.ee\/meist\/\" target=\"_blank\" rel=\"noreferrer noopener\">\u201cSalliv kool\u201d<\/a>, \u0421\u043e\u044e\u0437 \u0437\u0430\u0449\u0438\u0442\u044b \u0434\u0435\u0442\u0435\u0439 (MT\u00dc Lastekaitse Liit) \u0441 \u043f\u0440\u043e\u0433\u0440\u0430\u043c\u043c\u043e\u0439&nbsp;<a href=\"http:\/\/www.kiusamisestvabaks.ee\/\" target=\"_blank\" rel=\"noreferrer noopener\"><\/a><a href=\"https:\/\/kiusamisestvabaks.ee\/kiusamisest-vabaks\/?lang=ru\">\u00ab\u041e\u0441\u0432\u043e\u0431\u043e\u0434\u0438\u043c\u0441\u044f \u043e\u0442 \u0442\u0440\u0430\u0432\u043b\u0438!\u00bb<\/a>&nbsp;(\u201cKiusamisest vabaks!\u201d), MT\u00dc Noorte\u00fching&nbsp;<a href=\"http:\/\/www.tore.ee\/\" target=\"_blank\" rel=\"noreferrer noopener\">TORE<\/a>, MT\u00dc&nbsp;<a href=\"https:\/\/vaikuseminutid.ee\/\" target=\"_blank\" rel=\"noreferrer noopener\">Vaikuseminutid<\/a>, Tervise Arengu Instituut&nbsp;<a href=\"http:\/\/vepa.ee\/\"><\/a><a href=\"https:\/\/www.vepa.ee\/ru\/\">\u0418\u0433\u0440\u0430 \u043d\u0430 \u0440\u0430\u0437\u0432\u0438\u0442\u0438\u0435 \u043d\u0430\u0432\u044b\u043a\u043e\u0432 \u043f\u043e\u0432\u0435\u0434\u0435\u043d\u0438\u044f VEPA<\/a>&nbsp;\u0438 \u0426\u0435\u043d\u0442\u0440 \u044d\u0442\u0438\u043a\u0438 \u0422\u0430\u0440\u0442\u0443\u0441\u043a\u043e\u0433\u043e \u0443\u043d\u0438\u0432\u0435\u0440\u0441\u0438\u0442\u0435\u0442\u0430 \u0441 \u043f\u0440\u043e\u0433\u0440\u0430\u043c\u043c\u043e\u0439 \u201c\u0425\u043e\u0440\u043e\u0448\u0430\u044f \u0448\u043a\u043e\u043b\u0430 \u043a\u0430\u043a \u0448\u043a\u043e\u043b\u0430, \u043e\u0441\u043d\u043e\u0432\u0430\u043d\u043d\u0430\u044f \u043d\u0430 \u0446\u0435\u043d\u043d\u043e\u0441\u0442\u044f\u0445\u201d (<a href=\"https:\/\/www.eetika.ee\/et\/vaartusarendus\/tunnustusprogramm\" target=\"_blank\" rel=\"noreferrer noopener\">\u201eHea kool kui v\u00e4\u00e4rtusp\u00f5hine kool\u201c<\/a>).<\/p>\n","protected":false},"excerpt":{"rendered":"<p>\u0420\u0430\u0434\u0438 \u0442\u043e\u0433\u043e, \u0447\u0442\u043e\u0431\u044b \u043d\u0430\u0448\u0438 \u0434\u0435\u0442\u0438 \u0440\u043e\u0441\u043b\u0438 \u0441\u0447\u0430\u0441\u0442\u043b\u0438\u0432\u044b\u043c\u0438 \u043b\u044e\u0434\u044c\u043c\u0438! \u041d\u0430\u0448\u0430 \u043c\u0438\u0441\u0441\u0438\u044f \u2013 \u043f\u0440\u0435\u0434\u043e\u0442\u0432\u0440\u0430\u0449\u0430\u044f \u0438 \u043e\u0441\u0442\u0430\u043d\u0430\u0432\u043b\u0438\u0432\u0430\u044f \u0442\u0440\u0430\u0432\u043b\u044e \u0441\u043e\u0437\u0434\u0430\u0432\u0430\u0442\u044c \u0441\u043e\u0432\u043c\u0435\u0441\u0442\u043d\u043e \u0431\u0435\u0437\u043e\u043f\u0430\u0441\u043d\u044b\u0439 \u0438 \u0437\u0430\u0431\u043e\u0442\u043b\u0438\u0432\u044b\u0439 [&hellip;]<\/p>\n","protected":false},"author":2,"featured_media":0,"parent":0,"menu_order":0,"comment_status":"closed","ping_status":"closed","template":"page-sa_kiva_kool.php","meta":{"_acf_changed":false,"inline_featured_image":false,"_monsterinsights_skip_tracking":false,"_monsterinsights_sitenote_active":false,"_monsterinsights_sitenote_note":"","_monsterinsights_sitenote_category":0,"productId":0,"courseId":0,"footnotes":""},"class_list":["post-19061","page","type-page","status-publish","hentry"],"acf":[],"yoast_head":"<!-- This site is optimized with the Yoast SEO plugin v26.8 - https:\/\/yoast.com\/product\/yoast-seo-wordpress\/ -->\n<title>\u0424\u043e\u043d\u0434 \u0428\u043a\u043e\u043b\u0430 \u0431\u0435\u0437 \u0442\u0440\u0430\u0432\u043b\u0438 - Kiusamisvaba Kool<\/title>\n<meta name=\"robots\" content=\"index, follow, max-snippet:-1, max-image-preview:large, max-video-preview:-1\" \/>\n<link rel=\"canonical\" href=\"https:\/\/kiusamisvaba.ee\/ru\/kiusamisvaba-kool\/\" \/>\n<meta property=\"og:locale\" content=\"ru_RU\" \/>\n<meta property=\"og:type\" content=\"article\" \/>\n<meta property=\"og:title\" content=\"\u0424\u043e\u043d\u0434 \u0428\u043a\u043e\u043b\u0430 \u0431\u0435\u0437 \u0442\u0440\u0430\u0432\u043b\u0438 - Kiusamisvaba Kool\" \/>\n<meta property=\"og:description\" content=\"\u0420\u0430\u0434\u0438 \u0442\u043e\u0433\u043e, \u0447\u0442\u043e\u0431\u044b \u043d\u0430\u0448\u0438 \u0434\u0435\u0442\u0438 \u0440\u043e\u0441\u043b\u0438 \u0441\u0447\u0430\u0441\u0442\u043b\u0438\u0432\u044b\u043c\u0438 \u043b\u044e\u0434\u044c\u043c\u0438! \u041d\u0430\u0448\u0430 \u043c\u0438\u0441\u0441\u0438\u044f \u2013 \u043f\u0440\u0435\u0434\u043e\u0442\u0432\u0440\u0430\u0449\u0430\u044f \u0438 \u043e\u0441\u0442\u0430\u043d\u0430\u0432\u043b\u0438\u0432\u0430\u044f \u0442\u0440\u0430\u0432\u043b\u044e \u0441\u043e\u0437\u0434\u0430\u0432\u0430\u0442\u044c \u0441\u043e\u0432\u043c\u0435\u0441\u0442\u043d\u043e \u0431\u0435\u0437\u043e\u043f\u0430\u0441\u043d\u044b\u0439 \u0438 \u0437\u0430\u0431\u043e\u0442\u043b\u0438\u0432\u044b\u0439 [&hellip;]\" \/>\n<meta property=\"og:url\" content=\"https:\/\/kiusamisvaba.ee\/ru\/kiusamisvaba-kool\/\" \/>\n<meta property=\"og:site_name\" content=\"Kiusamisvaba Kool\" \/>\n<meta property=\"article:publisher\" content=\"https:\/\/www.facebook.com\/kiusamisvabakool\" \/>\n<meta property=\"article:modified_time\" content=\"2024-01-15T11:46:49+00:00\" \/>\n<meta name=\"twitter:card\" content=\"summary_large_image\" \/>\n<meta name=\"twitter:label1\" content=\"Est. reading time\" \/>\n\t<meta name=\"twitter:data1\" content=\"2 minutes\" \/>\n<script type=\"application\/ld+json\" class=\"yoast-schema-graph\">{\"@context\":\"https:\/\/schema.org\",\"@graph\":[{\"@type\":\"WebPage\",\"@id\":\"https:\/\/kiusamisvaba.ee\/ru\/kiusamisvaba-kool\/\",\"url\":\"https:\/\/kiusamisvaba.ee\/ru\/kiusamisvaba-kool\/\",\"name\":\"\u0424\u043e\u043d\u0434 \u0428\u043a\u043e\u043b\u0430 \u0431\u0435\u0437 \u0442\u0440\u0430\u0432\u043b\u0438 - Kiusamisvaba Kool\",\"isPartOf\":{\"@id\":\"https:\/\/kiusamisvaba.ee\/#website\"},\"datePublished\":\"2022-07-07T04:40:47+00:00\",\"dateModified\":\"2024-01-15T11:46:49+00:00\",\"breadcrumb\":{\"@id\":\"https:\/\/kiusamisvaba.ee\/ru\/kiusamisvaba-kool\/#breadcrumb\"},\"inLanguage\":\"ru-RU\",\"potentialAction\":[{\"@type\":\"ReadAction\",\"target\":[\"https:\/\/kiusamisvaba.ee\/ru\/kiusamisvaba-kool\/\"]}]},{\"@type\":\"BreadcrumbList\",\"@id\":\"https:\/\/kiusamisvaba.ee\/ru\/kiusamisvaba-kool\/#breadcrumb\",\"itemListElement\":[{\"@type\":\"ListItem\",\"position\":1,\"name\":\"Avaleht\",\"item\":\"https:\/\/kiusamisvaba.ee\/ru\/\"},{\"@type\":\"ListItem\",\"position\":2,\"name\":\"\u0424\u043e\u043d\u0434 \u0428\u043a\u043e\u043b\u0430 \u0431\u0435\u0437 \u0442\u0440\u0430\u0432\u043b\u0438\"}]},{\"@type\":\"WebSite\",\"@id\":\"https:\/\/kiusamisvaba.ee\/#website\",\"url\":\"https:\/\/kiusamisvaba.ee\/\",\"name\":\"Kiusamisvaba Kool\",\"description\":\"\u00d5nnelikuks inimeseks kasvamise nimel!\",\"publisher\":{\"@id\":\"https:\/\/kiusamisvaba.ee\/#\/schema\/person\/679cc5d78a66a0224d678f643ea6a002\"},\"potentialAction\":[{\"@type\":\"SearchAction\",\"target\":{\"@type\":\"EntryPoint\",\"urlTemplate\":\"https:\/\/kiusamisvaba.ee\/?s={search_term_string}\"},\"query-input\":{\"@type\":\"PropertyValueSpecification\",\"valueRequired\":true,\"valueName\":\"search_term_string\"}}],\"inLanguage\":\"ru-RU\"},{\"@type\":[\"Person\",\"Organization\"],\"@id\":\"https:\/\/kiusamisvaba.ee\/#\/schema\/person\/679cc5d78a66a0224d678f643ea6a002\",\"name\":\"chomnan\",\"image\":{\"@type\":\"ImageObject\",\"inLanguage\":\"ru-RU\",\"@id\":\"https:\/\/kiusamisvaba.ee\/#\/schema\/person\/image\/\",\"url\":\"https:\/\/secure.gravatar.com\/avatar\/1b266a257274dc47f9634121eb1f5d6209c3ae3e644dea500348ab48cf3a72be?s=96&d=mm&r=g\",\"contentUrl\":\"https:\/\/secure.gravatar.com\/avatar\/1b266a257274dc47f9634121eb1f5d6209c3ae3e644dea500348ab48cf3a72be?s=96&d=mm&r=g\",\"caption\":\"chomnan\"},\"logo\":{\"@id\":\"https:\/\/kiusamisvaba.ee\/#\/schema\/person\/image\/\"},\"sameAs\":[\"http:\/\/kiva.local\/wp\",\"https:\/\/www.facebook.com\/kiusamisvabakool\",\"https:\/\/www.instagram.com\/kiusamisvaba_kool\/\",\"https:\/\/www.linkedin.com\/company\/kiusamisvabakool\/\",\"https:\/\/www.youtube.com\/channel\/UCdz6aFWGPuFZysR7TQSW_TQ\"]}]}<\/script>\n<!-- \/ Yoast SEO plugin. -->","yoast_head_json":{"title":"\u0424\u043e\u043d\u0434 \u0428\u043a\u043e\u043b\u0430 \u0431\u0435\u0437 \u0442\u0440\u0430\u0432\u043b\u0438 - Kiusamisvaba Kool","robots":{"index":"index","follow":"follow","max-snippet":"max-snippet:-1","max-image-preview":"max-image-preview:large","max-video-preview":"max-video-preview:-1"},"canonical":"https:\/\/kiusamisvaba.ee\/ru\/kiusamisvaba-kool\/","og_locale":"ru_RU","og_type":"article","og_title":"\u0424\u043e\u043d\u0434 \u0428\u043a\u043e\u043b\u0430 \u0431\u0435\u0437 \u0442\u0440\u0430\u0432\u043b\u0438 - Kiusamisvaba Kool","og_description":"\u0420\u0430\u0434\u0438 \u0442\u043e\u0433\u043e, \u0447\u0442\u043e\u0431\u044b \u043d\u0430\u0448\u0438 \u0434\u0435\u0442\u0438 \u0440\u043e\u0441\u043b\u0438 \u0441\u0447\u0430\u0441\u0442\u043b\u0438\u0432\u044b\u043c\u0438 \u043b\u044e\u0434\u044c\u043c\u0438! \u041d\u0430\u0448\u0430 \u043c\u0438\u0441\u0441\u0438\u044f \u2013 \u043f\u0440\u0435\u0434\u043e\u0442\u0432\u0440\u0430\u0449\u0430\u044f \u0438 \u043e\u0441\u0442\u0430\u043d\u0430\u0432\u043b\u0438\u0432\u0430\u044f \u0442\u0440\u0430\u0432\u043b\u044e \u0441\u043e\u0437\u0434\u0430\u0432\u0430\u0442\u044c \u0441\u043e\u0432\u043c\u0435\u0441\u0442\u043d\u043e \u0431\u0435\u0437\u043e\u043f\u0430\u0441\u043d\u044b\u0439 \u0438 \u0437\u0430\u0431\u043e\u0442\u043b\u0438\u0432\u044b\u0439 [&hellip;]","og_url":"https:\/\/kiusamisvaba.ee\/ru\/kiusamisvaba-kool\/","og_site_name":"Kiusamisvaba Kool","article_publisher":"https:\/\/www.facebook.com\/kiusamisvabakool","article_modified_time":"2024-01-15T11:46:49+00:00","twitter_card":"summary_large_image","twitter_misc":{"Est. reading time":"2 minutes"},"schema":{"@context":"https:\/\/schema.org","@graph":[{"@type":"WebPage","@id":"https:\/\/kiusamisvaba.ee\/ru\/kiusamisvaba-kool\/","url":"https:\/\/kiusamisvaba.ee\/ru\/kiusamisvaba-kool\/","name":"\u0424\u043e\u043d\u0434 \u0428\u043a\u043e\u043b\u0430 \u0431\u0435\u0437 \u0442\u0440\u0430\u0432\u043b\u0438 - Kiusamisvaba Kool","isPartOf":{"@id":"https:\/\/kiusamisvaba.ee\/#website"},"datePublished":"2022-07-07T04:40:47+00:00","dateModified":"2024-01-15T11:46:49+00:00","breadcrumb":{"@id":"https:\/\/kiusamisvaba.ee\/ru\/kiusamisvaba-kool\/#breadcrumb"},"inLanguage":"ru-RU","potentialAction":[{"@type":"ReadAction","target":["https:\/\/kiusamisvaba.ee\/ru\/kiusamisvaba-kool\/"]}]},{"@type":"BreadcrumbList","@id":"https:\/\/kiusamisvaba.ee\/ru\/kiusamisvaba-kool\/#breadcrumb","itemListElement":[{"@type":"ListItem","position":1,"name":"Avaleht","item":"https:\/\/kiusamisvaba.ee\/ru\/"},{"@type":"ListItem","position":2,"name":"\u0424\u043e\u043d\u0434 \u0428\u043a\u043e\u043b\u0430 \u0431\u0435\u0437 \u0442\u0440\u0430\u0432\u043b\u0438"}]},{"@type":"WebSite","@id":"https:\/\/kiusamisvaba.ee\/#website","url":"https:\/\/kiusamisvaba.ee\/","name":"Kiusamisvaba Kool","description":"\u00d5nnelikuks inimeseks kasvamise nimel!","publisher":{"@id":"https:\/\/kiusamisvaba.ee\/#\/schema\/person\/679cc5d78a66a0224d678f643ea6a002"},"potentialAction":[{"@type":"SearchAction","target":{"@type":"EntryPoint","urlTemplate":"https:\/\/kiusamisvaba.ee\/?s={search_term_string}"},"query-input":{"@type":"PropertyValueSpecification","valueRequired":true,"valueName":"search_term_string"}}],"inLanguage":"ru-RU"},{"@type":["Person","Organization"],"@id":"https:\/\/kiusamisvaba.ee\/#\/schema\/person\/679cc5d78a66a0224d678f643ea6a002","name":"chomnan","image":{"@type":"ImageObject","inLanguage":"ru-RU","@id":"https:\/\/kiusamisvaba.ee\/#\/schema\/person\/image\/","url":"https:\/\/secure.gravatar.com\/avatar\/1b266a257274dc47f9634121eb1f5d6209c3ae3e644dea500348ab48cf3a72be?s=96&d=mm&r=g","contentUrl":"https:\/\/secure.gravatar.com\/avatar\/1b266a257274dc47f9634121eb1f5d6209c3ae3e644dea500348ab48cf3a72be?s=96&d=mm&r=g","caption":"chomnan"},"logo":{"@id":"https:\/\/kiusamisvaba.ee\/#\/schema\/person\/image\/"},"sameAs":["http:\/\/kiva.local\/wp","https:\/\/www.facebook.com\/kiusamisvabakool","https:\/\/www.instagram.com\/kiusamisvaba_kool\/","https:\/\/www.linkedin.com\/company\/kiusamisvabakool\/","https:\/\/www.youtube.com\/channel\/UCdz6aFWGPuFZysR7TQSW_TQ"]}]}},"_links":{"self":[{"href":"https:\/\/kiusamisvaba.ee\/ru\/wp-json\/wp\/v2\/pages\/19061","targetHints":{"allow":["GET"]}}],"collection":[{"href":"https:\/\/kiusamisvaba.ee\/ru\/wp-json\/wp\/v2\/pages"}],"about":[{"href":"https:\/\/kiusamisvaba.ee\/ru\/wp-json\/wp\/v2\/types\/page"}],"author":[{"embeddable":true,"href":"https:\/\/kiusamisvaba.ee\/ru\/wp-json\/wp\/v2\/users\/2"}],"replies":[{"embeddable":true,"href":"https:\/\/kiusamisvaba.ee\/ru\/wp-json\/wp\/v2\/comments?post=19061"}],"version-history":[{"count":9,"href":"https:\/\/kiusamisvaba.ee\/ru\/wp-json\/wp\/v2\/pages\/19061\/revisions"}],"predecessor-version":[{"id":19112,"href":"https:\/\/kiusamisvaba.ee\/ru\/wp-json\/wp\/v2\/pages\/19061\/revisions\/19112"}],"wp:attachment":[{"href":"https:\/\/kiusamisvaba.ee\/ru\/wp-json\/wp\/v2\/media?parent=19061"}],"curies":[{"name":"wp","href":"https:\/\/api.w.org\/{rel}","templated":true}]}}